{"id":3,"date":"2021-06-27T23:49:46","date_gmt":"2021-06-27T14:49:46","guid":{"rendered":"http:\/\/miraihe.co.jp\/vn\/?page_id=3"},"modified":"2021-07-01T17:34:32","modified_gmt":"2021-07-01T08:34:32","slug":"privacy-policy","status":"publish","type":"page","link":"https:\/\/miraihe.co.jp\/vn\/privacy-policy\/","title":{"rendered":"CH\u00cdNH S\u00c1CH B\u1ea2O M\u1eacT"},"content":{"rendered":"\n<p>C\u00f4ng ty C\u1ed5 ph\u1ea7n Mirai (sau \u0111\u00e2y g\u1ecdi l\u00e0 &#8220;C\u00f4ng ty&#8221;) \u0111\u00e3 thi\u1ebft l\u1eadp ch\u00ednh s\u00e1ch b\u1ea3o v\u1ec7 th\u00f4ng tin c\u00e1 nh\u00e2n sau \u0111\u00e2y, x\u00e2y d\u1ef1ng c\u01a1 ch\u1ebf b\u1ea3o v\u1ec7 th\u00f4ng tin c\u00e1 nh\u00e2n, nh\u1eadn th\u1ee9c r\u00f5 r\u00e0ng t\u1ea7m quan tr\u1ecdng c\u1ee7a vi\u1ec7c b\u1ea3o v\u1ec7 th\u00f4ng tin c\u00e1 nh\u00e2n. Ch\u00fang t\u00f4i s\u1ebd n\u1ed7 l\u1ef1c th\u00fac \u0111\u1ea9y vi\u1ec7c b\u1ea3o v\u1ec7 th\u00f4ng tin c\u00e1 nh\u00e2n.<\/p>\n\n\n\n<h2 class=\"wp-block-heading\">1. QU\u1ea2N L\u00dd TH\u00d4NG TIN C\u00c1 NH\u00c2N<\/h2>\n\n\n\n<p>C\u00f4ng ty lu\u00f4n duy tr\u00ec v\u00e0 qu\u1ea3n l\u00fd tr\u1ea1ng th\u00e1i b\u1ea3o m\u1eadt m\u1ed9t c\u00e1ch t\u1ed1i \u0111a \u0111\u1ec3 gi\u1eef cho th\u00f4ng tin c\u00e1 nh\u00e2n c\u1ee7a kh\u00e1ch h\u00e0ng lu\u00f4n ch\u00ednh x\u00e1c nh\u1ea5t. C\u1eadp nh\u1eadt v\u00e0 ng\u0103n ch\u1eb7n vi\u1ec7c truy c\u1eadp tr\u00e1i ph\u00e9p, m\u1ea5t m\u00e1t, h\u01b0 h\u1ecfng, gi\u1ea3 m\u1ea1o v\u00e0 l\u00e0m r\u00f2 r\u1ec9 th\u00f4ng tin c\u00e1 nh\u00e2n. ch\u00fang t\u00f4i s\u1ebd th\u1ef1c hi\u1ec7n c\u00e1c bi\u1ec7n ph\u00e1p \u0111\u1ea3m b\u1ea3o an to\u00e0n v\u00e0 qu\u1ea3n l\u00fd ch\u1eb7t ch\u1ebd th\u00f4ng tin c\u00e1 nh\u00e2n.<\/p>\n\n\n\n<h2 class=\"wp-block-heading\">2. M\u1ee4C \u0110\u00cdCH S\u1eec D\u1ee4NG TH\u00d4NG TIN C\u00c1 NH\u00c2N<\/h2>\n\n\n\n<p>Th\u00f4ng tin c\u00e1 nh\u00e2n \u0111\u01b0\u1ee3c kh\u00e1ch h\u00e0ng cung c\u1ea5p ch\u00fang t\u00f4i s\u1ebd s\u1eed d\u1ee5ng \u0111\u1ec3 g\u1eedi t\u00e0i li\u1ec7u ho\u1eb7c c\u00e1c th\u00f4ng tin c\u1ea7n cung c\u1ea5p nh\u01b0 l\u00e0 c\u00e2u tr\u1ea3 l\u1eddi t\u01b0\u01a1ng \u1ee9ng v\u1edbi t\u1eebng c\u00e2u h\u1ecfi v\u00e0 d\u00f9ng \u0111\u1ec3 li\u00ean l\u1ea1c.<\/p>\n\n\n\n<h2 class=\"wp-block-heading\">3. NGHI\u00caM C\u1ea4M VI\u1ec6C CUNG C\u1ea4P V\u00c0 C\u00d4NG KHAI TH\u00d4NG TIN C\u00c1C NH\u00c2N CHO B\u00caN TH\u1ee8 BA<\/h2>\n\n\n\n<p>C\u00f4ng ty s\u1ebd qu\u1ea3n l\u00fd ch\u1eb7t ch\u1ebd c\u00e1c th\u00f4ng tin c\u00e1 nh\u00e2n nh\u1eadn \u0111\u01b0\u1ee3c t\u1eeb kh\u00e1ch h\u00e0ng, tuy\u1ec7t \u0111\u1ed1i s\u1ebd kh\u00f4ng cung c\u1ea5p th\u00f4ng tin cho b\u00ean th\u1ee9 ba ngo\u1ea1i tr\u1eeb c\u00e1c tr\u01b0\u1eddng h\u1ee3p sau.<\/p>\n\n\n\n<ul class=\"wp-block-list\"><li>\u30fbTr\u01b0\u1eddng h\u1ee3p c\u00f3 s\u1ef1 \u0111\u1ed3ng \u00fd c\u1ee7a kh\u00e1ch h\u00e0ng<\/li><li>\u30fbTrong tr\u01b0\u1eddng h\u1ee3p ti\u1ebfn h\u00e0nh d\u1ecbch v\u1ee5 theo nguy\u1ec7n v\u1ecdng c\u1ee7a kh\u00e1ch h\u00e0ng, s\u1ebd c\u00f4ng khai \u0111\u1ed1i v\u1edbi doanh nghi\u1ec7p \u1ee7y quy\u1ec1n.<\/li><li>\u30fbTrong tr\u01b0\u1eddng h\u1ee3p c\u1ea7n thi\u1ebft theo quy \u0111\u1ecbnh c\u1ee7a ph\u00e1p lu\u1eadt.<\/li><\/ul>\n\n\n\n<h2 class=\"wp-block-heading\">4. BI\u1ec6N PH\u00c1P AN TO\u00c0N \u0110\u1ed0I V\u1edaI TH\u00d4NG TIN C\u00c1 NH\u00c2N<\/h2>\n\n\n\n<p>C\u00f4ng ty th\u1ef1c hi\u1ec7n t\u1ea5t c\u1ea3 c\u00e1c bi\u1ec7n ph\u00e1p b\u1ea3o m\u1eadt nh\u1eb1m \u0111\u1ea3m b\u1ea3o ch\u1eafc ch\u1eafn an to\u00e0n v\u00e0 t\u00ednh ch\u00ednh x\u00e1c c\u1ee7a th\u00f4ng tin c\u00e1 nh\u00e2n.<\/p>\n\n\n\n<h2 class=\"wp-block-heading\">5. Y\u00caU C\u1ea6U C\u1ee6A KH\u00c1CH H\u00c0NG<\/h2>\n\n\n\n<p>Trong tr\u01b0\u1eddng h\u1ee3p kh\u00e1ch h\u00e0ng c\u00f3 nguy\u1ec7n v\u1ecdng y\u00eau c\u1ea7u ch\u1ec9nh s\u1eeda, x\u00f3a b\u1ecf th\u00f4ng tin c\u00e1 nh\u00e2n th\u00ec ch\u00fang t\u00f4i ph\u1ea3i x\u00e1c nh\u1eadn ch\u00ednh kh\u00e1ch h\u00e0ng l\u00e0 ng\u01b0\u1eddi c\u00f3 y\u00eau c\u1ea7u \u0111\u00f3.<\/p>\n\n\n\n<h2 class=\"wp-block-heading\">6. XEM X\u00c9T V\u00c0 TU\u00c2N TH\u1ee6 C\u00c1C \u0110I\u1ec0U LU\u1eacT V\u00c0 QUY PH\u1ea0M<\/h2>\n\n\n\n<p>C\u00f4ng ty s\u1ebd tu\u00e2n th\u1ee7 \u0111\u00fang theo ph\u00e1p lu\u1eadt v\u00e0 quy \u0111\u1ecbnh c\u1ee7a Nh\u1eadt B\u1ea3n \u0111\u1ed1i v\u1edbi c\u00e1c th\u00f4ng tin c\u00e1 nh\u00e2n c\u00f4ng ty n\u1eafm gi\u1eef \u0111\u01b0\u1ee3c, xem x\u00e9t n\u1ed9i dung c\u1ee7a ch\u00ednh s\u00e1ch v\u00e0 n\u1ed7 l\u1ef1c c\u1ea3i thi\u1ec7n n\u00f3.<\/p>\n\n\n\n<h2 class=\"wp-block-heading\">\u3010 LI\u00caN L\u1ea0C V\u1edaI CH\u00daNG T\u00d4I \u3011<\/h2>\n\n\n\n<p>M\u1eccI TH\u1eaeC M\u1eaeC XIN VUI L\u00d2NG LI\u00caN L\u1ea0C V\u1edaI \u0110\u1ecaA CH\u1ec8 SAU<\/p>\n\n\n\n<p>\u0110\u1ecaA CH\u1ec8: SAITAMA KEN &#8211; NIIZA SHI &#8211; KITANO 1-3-10<br>T\u00caN C\u00d4NG TY: C\u00d4NG TY C\u1ed4 PH\u1ea6N MIRAI<br>B\u1ed8 PH\u1eacN PH\u1ee4 TR\u00c1CH: B\u1ed8 PH\u1eacN NH\u00c2N S\u1ef0<br>\u0110\u1ecaA CH\u1ec8 MAIL: info@miraihe.co.jp<\/p>\n","protected":false},"excerpt":{"rendered":"<p>C\u00f4ng ty C\u1ed5 ph\u1ea7n Mirai (sau \u0111\u00e2y g\u1ecdi l\u00e0 &#8220;C\u00f4ng ty&#8221;) \u0111\u00e3 thi\u1ebft l\u1eadp ch\u00ednh s\u00e1ch b\u1ea3o v\u1ec7 th\u00f4ng tin c\u00e1 nh\u00e2n  [&hellip;]<\/p>\n","protected":false},"author":1,"featured_media":152,"parent":0,"menu_order":0,"comment_status":"closed","ping_status":"open","template":"","meta":{"footnotes":""},"class_list":["post-3","page","type-page","status-publish","has-post-thumbnail","hentry"],"acf":[],"_links":{"self":[{"href":"https:\/\/miraihe.co.jp\/vn\/wp-json\/wp\/v2\/pages\/3","targetHints":{"allow":["GET"]}}],"collection":[{"href":"https:\/\/miraihe.co.jp\/vn\/wp-json\/wp\/v2\/pages"}],"about":[{"href":"https:\/\/miraihe.co.jp\/vn\/wp-json\/wp\/v2\/types\/page"}],"author":[{"embeddable":true,"href":"https:\/\/miraihe.co.jp\/vn\/wp-json\/wp\/v2\/users\/1"}],"replies":[{"embeddable":true,"href":"https:\/\/miraihe.co.jp\/vn\/wp-json\/wp\/v2\/comments?post=3"}],"version-history":[{"count":4,"href":"https:\/\/miraihe.co.jp\/vn\/wp-json\/wp\/v2\/pages\/3\/revisions"}],"predecessor-version":[{"id":151,"href":"https:\/\/miraihe.co.jp\/vn\/wp-json\/wp\/v2\/pages\/3\/revisions\/151"}],"wp:featuredmedia":[{"embeddable":true,"href":"https:\/\/miraihe.co.jp\/vn\/wp-json\/wp\/v2\/media\/152"}],"wp:attachment":[{"href":"https:\/\/miraihe.co.jp\/vn\/wp-json\/wp\/v2\/media?parent=3"}],"curies":[{"name":"wp","href":"https:\/\/api.w.org\/{rel}","templated":true}]}}