{"id":16,"date":"2021-06-13T00:29:45","date_gmt":"2021-06-12T15:29:45","guid":{"rendered":"https:\/\/miraihe.co.jp\/?page_id=16"},"modified":"2021-06-29T23:39:40","modified_gmt":"2021-06-29T14:39:40","slug":"contact","status":"publish","type":"page","link":"https:\/\/miraihe.co.jp\/vn\/contact\/","title":{"rendered":"C\u00c2U H\u1eceI"},"content":{"rendered":"\n<p class=\"has-text-align-center\">VUI L\u00d2NG NH\u1eacP V\u00c0O C\u00c1C M\u1ee4C SAU V\u00c0 B\u1ea4M N\u00daT &#8220;G\u1eecI&#8221;<br>H\u00c3Y CH\u1eaeC CH\u1eaeN C\u00c1C M\u1ee4C \u0110\u00c3 NH\u1eacP \u0110\u01af\u1ee2C \u0110\u00c1NH D\u1ea4U \u0110\u1ece<\/p>\n\n\n\n<div class=\"wp-block-contact-form-7-contact-form-selector contact_design01\"><div role=\"form\" class=\"wpcf7\" id=\"wpcf7-f5-o1\" lang=\"ja\" dir=\"ltr\">\n<div class=\"screen-reader-response\"><p role=\"status\" aria-live=\"polite\" aria-atomic=\"true\"><\/p> <ul><\/ul><\/div>\n<form action=\"\/vn\/wp-json\/wp\/v2\/pages\/16#wpcf7-f5-o1\" method=\"post\" class=\"wpcf7-form init\" novalidate=\"novalidate\" data-status=\"init\">\n<div style=\"display: none;\">\n<input type=\"hidden\" name=\"_wpcf7\" value=\"5\" \/>\n<input type=\"hidden\" name=\"_wpcf7_version\" value=\"5.6\" \/>\n<input type=\"hidden\" name=\"_wpcf7_locale\" value=\"ja\" \/>\n<input type=\"hidden\" name=\"_wpcf7_unit_tag\" value=\"wpcf7-f5-o1\" \/>\n<input type=\"hidden\" name=\"_wpcf7_container_post\" value=\"0\" \/>\n<input type=\"hidden\" name=\"_wpcf7_posted_data_hash\" value=\"\" \/>\n<\/div>\n<p><label> M\u00c3 \u0110\u0102NG K\u00dd<br \/>\n    <span class=\"wpcf7-form-control-wrap\" data-name=\"title\"><input type=\"text\" name=\"title\" value=\"\" size=\"40\" class=\"wpcf7-form-control wpcf7-text wpcf7-validates-as-required\" readonly=\"readonly\" aria-required=\"true\" aria-invalid=\"false\" \/><\/span> <\/label><\/p>\n<p><label> H\u1ecc V\u00c0 T\u00caN <span class=\"req\"><\/span><br \/>\n    <span class=\"wpcf7-form-control-wrap\" data-name=\"your-name\"><input type=\"text\" name=\"your-name\" value=\"\" size=\"40\" class=\"wpcf7-form-control wpcf7-text wpcf7-validates-as-required\" aria-required=\"true\" aria-invalid=\"false\" \/><\/span> <\/label><\/p>\n<p><label> H\u1ecc V\u00c0 T\u00caN ( PHI\u00caN \u00c2M)<br \/>\n    <span class=\"wpcf7-form-control-wrap\" data-name=\"kana-name\"><input type=\"text\" name=\"kana-name\" value=\"\" size=\"40\" class=\"wpcf7-form-control wpcf7-text\" aria-invalid=\"false\" \/><\/span> <\/label><\/p>\n<p><label> \u0110\u1ecaA CH\u1ec8 MAIL <span class=\"req\"><\/span><br \/>\n    <span class=\"wpcf7-form-control-wrap\" data-name=\"your-email\"><input type=\"email\" name=\"your-email\" value=\"\" size=\"40\" class=\"wpcf7-form-control wpcf7-text wpcf7-email wpcf7-validates-as-required wpcf7-validates-as-email\" aria-required=\"true\" aria-invalid=\"false\" \/><\/span> <\/label><\/p>\n<p><label> N\u1ed8I DUNG C\u00c2U H\u1eceI<br \/>\n    <span class=\"wpcf7-form-control-wrap\" data-name=\"your-message\"><textarea name=\"your-message\" cols=\"40\" rows=\"10\" class=\"wpcf7-form-control wpcf7-textarea\" aria-invalid=\"false\"><\/textarea><\/span> <\/label><\/p>\n<p><span class=\"wpcf7-form-control-wrap\" data-name=\"acceptance-931\"><span class=\"wpcf7-form-control wpcf7-acceptance\"><span class=\"wpcf7-list-item\"><label><input type=\"checkbox\" name=\"acceptance-931\" value=\"1\" aria-invalid=\"false\" \/><span class=\"wpcf7-list-item-label\">CH\u00cdNH S\u00c1CH B\u1ea2O M\u1eacT<a href=\"..\/privacy-policy\/\" target=\"_blank\">CH\u00cdNH S\u00c1CH B\u1ea2O M\u1eacT<\/a><\/span><\/label><\/span><\/span><\/span><\/p>\n<p><input type=\"submit\" value=\"G\u1eecI\" class=\"wpcf7-form-control has-spinner wpcf7-submit\" \/><\/p>\n<div class=\"wpcf7-response-output\" aria-hidden=\"true\"><\/div><\/form><\/div><\/div>\n","protected":false},"excerpt":{"rendered":"<p>VUI L\u00d2NG NH\u1eacP V\u00c0O C\u00c1C M\u1ee4C SAU V\u00c0 B\u1ea4M N\u00daT &#8220;G\u1eecI&#8221;H\u00c3Y CH\u1eaeC CH\u1eaeN C\u00c1C M\u1ee4C \u0110\u00c3 NH\u1eacP \u0110\u01af\u1ee2C \u0110\u00c1NH D\u1ea4U \u0110\u1ece<\/p>\n","protected":false},"author":1,"featured_media":80,"parent":0,"menu_order":0,"comment_status":"closed","ping_status":"closed","template":"","meta":{"footnotes":""},"class_list":["post-16","page","type-page","status-publish","has-post-thumbnail","hentry"],"acf":[],"_links":{"self":[{"href":"https:\/\/miraihe.co.jp\/vn\/wp-json\/wp\/v2\/pages\/16","targetHints":{"allow":["GET"]}}],"collection":[{"href":"https:\/\/miraihe.co.jp\/vn\/wp-json\/wp\/v2\/pages"}],"about":[{"href":"https:\/\/miraihe.co.jp\/vn\/wp-json\/wp\/v2\/types\/page"}],"author":[{"embeddable":true,"href":"https:\/\/miraihe.co.jp\/vn\/wp-json\/wp\/v2\/users\/1"}],"replies":[{"embeddable":true,"href":"https:\/\/miraihe.co.jp\/vn\/wp-json\/wp\/v2\/comments?post=16"}],"version-history":[{"count":2,"href":"https:\/\/miraihe.co.jp\/vn\/wp-json\/wp\/v2\/pages\/16\/revisions"}],"predecessor-version":[{"id":138,"href":"https:\/\/miraihe.co.jp\/vn\/wp-json\/wp\/v2\/pages\/16\/revisions\/138"}],"wp:featuredmedia":[{"embeddable":true,"href":"https:\/\/miraihe.co.jp\/vn\/wp-json\/wp\/v2\/media\/80"}],"wp:attachment":[{"href":"https:\/\/miraihe.co.jp\/vn\/wp-json\/wp\/v2\/media?parent=16"}],"curies":[{"name":"wp","href":"https:\/\/api.w.org\/{rel}","templated":true}]}}